{"id":561,"date":"2021-11-26T17:51:34","date_gmt":"2021-11-26T17:51:34","guid":{"rendered":"https:\/\/hilcoaf.com\/about\/"},"modified":"2022-03-28T12:38:25","modified_gmt":"2022-03-28T12:38:25","slug":"over-ons","status":"publish","type":"page","link":"https:\/\/hilcoaf.com\/nl\/over-ons\/","title":{"rendered":"Over ons"},"content":{"rendered":"<h4>Hilco Asset Finance is actief in de West-Europese financieringsmarkt voor (noodlijdend) krediet. Wij zijn expert op het gebied van asset based financieringen en bieden onze klanten Sale and Lease Back oplossingen en\/of overbruggingskrediet.<\/h4>\n<p>Met onze diepgaande kennis van verschillende activaklassen richten wij ons primair op de onderliggende waarde van activa van een onderneming en secundair op de cashflow. Onze belangrijkste expertise is het waarderen van machines en installaties. Deze activa maken altijd deel uit van onze oplossingen op het gebied van overbruggingskrediet en Sale and Lease Back. <\/p>\n<h4>Lokale expertise met wereldwijd bereik<\/h4>\n<p>Hilco Asset Finance werd gelanceerd in 2018 nadat we in West-Europa een gat in de markt ontdekten voor asset based financiering. Van oudsher werken we samen met Hilco Global en Hilco Industrial Acquisitions. Zo kunnen we onze lokale expertise combineren met een gespecialiseerd en wereldwijd netwerk.<\/p>\n<blockquote><p>We helpen zowel gezonde als noodlijdende (handels)bedrijven bij het behalen van een maximaal rendement op materi\u00eble en immateri\u00eble activa<\/p><\/blockquote>\n<h3>Wij maken deel uit van het Hilco Global netwerk<\/h3>\n<p>Met meer dan 30 jaar ervaring is Hilco Global d\u00e9 internationale autoriteit op het gebied van optimale financi\u00eble oplossingen. Hilco Global is een particuliere en gediversifieerde financi\u00eble dienstverlener, die bij elke transactie op kan treden als adviseur, tussenpersoon en opdrachtgever.<\/p>\n<p>Door onze samenwerking zijn we verbonden met een wereldwijd netwerk van activa-, advies- en verkoopspecialisten. Dit uitgebreide netwerk heeft Hilco Global opgebouwd dankzij jarenlange ervaring in de industriesector.<\/p>\n        \n\n\t\t\t<div class=\"team team-grid\">\n\n\t\t\t\t<div class=\"team-items\">\n\n\t\t\t\t\t<div class=\"wrapper\">\n\n\t\t\t\t\t\t<div class=\"team-items-inner\">\n\n\t\t\t\t\t\t\t\n\t\t\t\t\t\t\t\t<div class=\"team-item team-item-active\">\n\n\t\t\t\t\t\t\t\t\t\t\t\t\t\t\t\t\t\t\t<div class=\"team-item-image\">\n\t\t\t\t\t\t\t\t\t\t\t<img loading=\"lazy\" decoding=\"async\" width=\"800\" height=\"1200\" src=\"https:\/\/hilcoaf.com\/hilcoaf\/wp-content\/uploads\/2021\/11\/ernst-1.jpg\" class=\"attachment-full size-full wp-post-image\" alt=\"\" srcset=\"https:\/\/hilcoaf.com\/hilcoaf\/wp-content\/uploads\/2021\/11\/ernst-1.jpg 800w, https:\/\/hilcoaf.com\/hilcoaf\/wp-content\/uploads\/2021\/11\/ernst-1-200x300.jpg 200w, https:\/\/hilcoaf.com\/hilcoaf\/wp-content\/uploads\/2021\/11\/ernst-1-683x1024.jpg 683w, https:\/\/hilcoaf.com\/hilcoaf\/wp-content\/uploads\/2021\/11\/ernst-1-768x1152.jpg 768w\" sizes=\"auto, (max-width: 800px) 100vw, 800px\" \/>\t\t\t\t\t\t\t\t\t\t<\/div>\n\t\t\t\t\t\t\t\t\t\n\t\t\t\t\t\t\t\t\t<div class=\"team-item-main\">\n\n\t\t\t\t\t\t\t\t\t\t<h4 class=\"team-item-name\">Ernst Rost Onnes<\/h4>\n\t\t\t\t\t\t\t\t\t\t<div class=\"team-item-position\">Asset Specialist<\/div>\n\n\t\t\t\t\t\t\t\t\t\t<div class=\"team-item-social\">\n\t\t\t\t\t\t\t\t\t\t\t\t\t\t\t\t\t\t\t\t\t\t\t<a href=\"tel:+31 (0) 641 267 737\"><span class=\"fa fa-mobile\"><\/span>+31 (0) 641 267 737<\/a>\n\t\t\t\t\t\t\t\t\t\t\t\t\t\t\t\t\t\t\t\t\t\t\t\t\t\t\t\t\t\t\t\t\t\t<a target=\"_blank\" href=\"mailto:ERostOnnes@hilcoglobal.com\"><span class=\"fa fa-envelope-o\"><\/span>ERostOnnes@hilcoglobal.com<\/a>\n\t\t\t\t\t\t\t\t\t\t\t\t\t\t\t\t\t\t\t\t\t\t\t\t\t\t\t\t\t\t\t\t\t\t<a target=\"_blank\" href=\"https:\/\/www.linkedin.com\/in\/ernst-rost-onnes-22439b18\/\"><span class=\"fa fa-linkedin\"><\/span>in\/ernst-rost-onnes-22439b18\/<\/a>\n\t\t\t\t\t\t\t\t\t\t\t\t\t\t\t\t\t\t\t\t\t<\/div>\n\t\t\t\t\t\t\t\t\t\t\n\t\t\t\t\t\t\t\t\t\t\n\t\t\t\t\t\t\t\t\t\t\n\t\t\t\t\t\t\t\t\t<\/div>\n\n\t\t\t\t\t\t\t\t<\/div>\n\n\t\t\t\t\t\t\t\n\t\t\t\t\t\t\t\t<div class=\"team-item team-item-active\">\n\n\t\t\t\t\t\t\t\t\t\t\t\t\t\t\t\t\t\t\t<div class=\"team-item-image\">\n\t\t\t\t\t\t\t\t\t\t\t<img loading=\"lazy\" decoding=\"async\" width=\"800\" height=\"1200\" src=\"https:\/\/hilcoaf.com\/hilcoaf\/wp-content\/uploads\/2021\/11\/kostas-zw.jpg\" class=\"attachment-full size-full wp-post-image\" alt=\"\" srcset=\"https:\/\/hilcoaf.com\/hilcoaf\/wp-content\/uploads\/2021\/11\/kostas-zw.jpg 800w, https:\/\/hilcoaf.com\/hilcoaf\/wp-content\/uploads\/2021\/11\/kostas-zw-200x300.jpg 200w, https:\/\/hilcoaf.com\/hilcoaf\/wp-content\/uploads\/2021\/11\/kostas-zw-683x1024.jpg 683w, https:\/\/hilcoaf.com\/hilcoaf\/wp-content\/uploads\/2021\/11\/kostas-zw-768x1152.jpg 768w\" sizes=\"auto, (max-width: 800px) 100vw, 800px\" \/>\t\t\t\t\t\t\t\t\t\t<\/div>\n\t\t\t\t\t\t\t\t\t\n\t\t\t\t\t\t\t\t\t<div class=\"team-item-main\">\n\n\t\t\t\t\t\t\t\t\t\t<h4 class=\"team-item-name\">Kostas Mamalingkas<\/h4>\n\t\t\t\t\t\t\t\t\t\t<div class=\"team-item-position\">Finance Specialist<\/div>\n\n\t\t\t\t\t\t\t\t\t\t<div class=\"team-item-social\">\n\t\t\t\t\t\t\t\t\t\t\t\t\t\t\t\t\t\t\t\t\t\t\t<a href=\"tel:+31 (0)6 1360 2676\"><span class=\"fa fa-mobile\"><\/span>+31 (0)6 1360 2676<\/a>\n\t\t\t\t\t\t\t\t\t\t\t\t\t\t\t\t\t\t\t\t\t\t\t\t\t\t\t\t\t\t\t\t\t\t<a target=\"_blank\" href=\"mailto:KMamalingkas@hilcoglobal.com\"><span class=\"fa fa-envelope-o\"><\/span>KMamalingkas@hilcoglobal.com<\/a>\n\t\t\t\t\t\t\t\t\t\t\t\t\t\t\t\t\t\t\t\t\t\t\t\t\t\t\t\t\t\t\t\t\t\t<a target=\"_blank\" href=\"https:\/\/www.linkedin.com\/in\/kostasmamalingkas\/\"><span class=\"fa fa-linkedin\"><\/span>in\/kostasmamalingkas\/<\/a>\n\t\t\t\t\t\t\t\t\t\t\t\t\t\t\t\t\t\t\t\t\t<\/div>\n\t\t\t\t\t\t\t\t\t\t\n\t\t\t\t\t\t\t\t\t\t\n\t\t\t\t\t\t\t\t\t\t\n\t\t\t\t\t\t\t\t\t<\/div>\n\n\t\t\t\t\t\t\t\t<\/div>\n\n\t\t\t\t\t\t\t\n\t\t\t\t\t\t<\/div>\n\t\t\t\t\t\t\n\t\t\t\t\t<\/div>\n\n\t\t\t\t<\/div>\n\n\t\t\t<\/div>\n\n\t\t\n","protected":false},"excerpt":{"rendered":"<p>Hilco Asset Finance is actief in de West-Europese financieringsmarkt voor (noodlijdend) krediet. Wij zijn expert op het gebied van asset based financieringen en bieden onze klanten Sale and Lease Back oplossingen en\/of overbruggingskrediet. Met onze diepgaande kennis van verschillende activaklassen richten wij ons primair op de onderliggende waarde van activa van een onderneming en secundair [&hellip;]<\/p>\n","protected":false},"author":2,"featured_media":0,"parent":0,"menu_order":0,"comment_status":"closed","ping_status":"closed","template":"","meta":{"inline_featured_image":false,"footnotes":""},"class_list":["post-561","page","type-page","status-publish","hentry"],"yoast_head":"<!-- This site is optimized with the Yoast SEO plugin v19.13 - https:\/\/yoast.com\/wordpress\/plugins\/seo\/ -->\n<title>Over ons - Hilco Asset Finance<\/title>\n<meta name=\"robots\" content=\"index, follow, max-snippet:-1, max-image-preview:large, max-video-preview:-1\" \/>\n<link rel=\"canonical\" href=\"https:\/\/hilcoaf.com\/nl\/over-ons\/\" \/>\n<meta property=\"og:locale\" content=\"nl_NL\" \/>\n<meta property=\"og:type\" content=\"article\" \/>\n<meta property=\"og:title\" content=\"Over ons - Hilco Asset Finance\" \/>\n<meta property=\"og:description\" content=\"Hilco Asset Finance is actief in de West-Europese financieringsmarkt voor (noodlijdend) krediet. Wij zijn expert op het gebied van asset based financieringen en bieden onze klanten Sale and Lease Back oplossingen en\/of overbruggingskrediet. Met onze diepgaande kennis van verschillende activaklassen richten wij ons primair op de onderliggende waarde van activa van een onderneming en secundair [&hellip;]\" \/>\n<meta property=\"og:url\" content=\"https:\/\/hilcoaf.com\/nl\/over-ons\/\" \/>\n<meta property=\"og:site_name\" content=\"Hilco Asset Finance\" \/>\n<meta property=\"article:modified_time\" content=\"2022-03-28T12:38:25+00:00\" \/>\n<meta name=\"twitter:card\" content=\"summary_large_image\" \/>\n<meta name=\"twitter:site\" content=\"@hilcoglobal\" \/>\n<meta name=\"twitter:label1\" content=\"Est. reading time\" \/>\n\t<meta name=\"twitter:data1\" content=\"1 minute\" \/>\n<script type=\"application\/ld+json\" class=\"yoast-schema-graph\">{\"@context\":\"https:\/\/schema.org\",\"@graph\":[{\"@type\":\"WebPage\",\"@id\":\"https:\/\/hilcoaf.com\/nl\/over-ons\/\",\"url\":\"https:\/\/hilcoaf.com\/nl\/over-ons\/\",\"name\":\"Over ons - Hilco Asset Finance\",\"isPartOf\":{\"@id\":\"https:\/\/hilcoaf.com\/nl\/#website\"},\"datePublished\":\"2021-11-26T17:51:34+00:00\",\"dateModified\":\"2022-03-28T12:38:25+00:00\",\"breadcrumb\":{\"@id\":\"https:\/\/hilcoaf.com\/nl\/over-ons\/#breadcrumb\"},\"inLanguage\":\"nl-NL\",\"potentialAction\":[{\"@type\":\"ReadAction\",\"target\":[\"https:\/\/hilcoaf.com\/nl\/over-ons\/\"]}]},{\"@type\":\"BreadcrumbList\",\"@id\":\"https:\/\/hilcoaf.com\/nl\/over-ons\/#breadcrumb\",\"itemListElement\":[{\"@type\":\"ListItem\",\"position\":1,\"name\":\"Home\",\"item\":\"https:\/\/hilcoaf.com\/nl\/\"},{\"@type\":\"ListItem\",\"position\":2,\"name\":\"Over ons\"}]},{\"@type\":\"WebSite\",\"@id\":\"https:\/\/hilcoaf.com\/nl\/#website\",\"url\":\"https:\/\/hilcoaf.com\/nl\/\",\"name\":\"Hilco Asset Finance\",\"description\":\"Investment &amp; Advisory Services\",\"publisher\":{\"@id\":\"https:\/\/hilcoaf.com\/nl\/#organization\"},\"potentialAction\":[{\"@type\":\"SearchAction\",\"target\":{\"@type\":\"EntryPoint\",\"urlTemplate\":\"https:\/\/hilcoaf.com\/nl\/?s={search_term_string}\"},\"query-input\":\"required name=search_term_string\"}],\"inLanguage\":\"nl-NL\"},{\"@type\":\"Organization\",\"@id\":\"https:\/\/hilcoaf.com\/nl\/#organization\",\"name\":\"Hilco Asset Finance\",\"url\":\"https:\/\/hilcoaf.com\/nl\/\",\"logo\":{\"@type\":\"ImageObject\",\"inLanguage\":\"nl-NL\",\"@id\":\"https:\/\/hilcoaf.com\/nl\/#\/schema\/logo\/image\/\",\"url\":\"https:\/\/hilcoaf.com\/hilcoaf\/wp-content\/uploads\/2021\/11\/hilco-AF-logo.svg\",\"contentUrl\":\"https:\/\/hilcoaf.com\/hilcoaf\/wp-content\/uploads\/2021\/11\/hilco-AF-logo.svg\",\"width\":\"1024\",\"height\":\"1024\",\"caption\":\"Hilco Asset Finance\"},\"image\":{\"@id\":\"https:\/\/hilcoaf.com\/nl\/#\/schema\/logo\/image\/\"},\"sameAs\":[\"https:\/\/www.linkedin.com\/company\/hilco-asset-finance\/about\/\",\"https:\/\/twitter.com\/hilcoglobal\"]}]}<\/script>\n<!-- \/ Yoast SEO plugin. -->","yoast_head_json":{"title":"Over ons - Hilco Asset Finance","robots":{"index":"index","follow":"follow","max-snippet":"max-snippet:-1","max-image-preview":"max-image-preview:large","max-video-preview":"max-video-preview:-1"},"canonical":"https:\/\/hilcoaf.com\/nl\/over-ons\/","og_locale":"nl_NL","og_type":"article","og_title":"Over ons - Hilco Asset Finance","og_description":"Hilco Asset Finance is actief in de West-Europese financieringsmarkt voor (noodlijdend) krediet. Wij zijn expert op het gebied van asset based financieringen en bieden onze klanten Sale and Lease Back oplossingen en\/of overbruggingskrediet. Met onze diepgaande kennis van verschillende activaklassen richten wij ons primair op de onderliggende waarde van activa van een onderneming en secundair [&hellip;]","og_url":"https:\/\/hilcoaf.com\/nl\/over-ons\/","og_site_name":"Hilco Asset Finance","article_modified_time":"2022-03-28T12:38:25+00:00","twitter_card":"summary_large_image","twitter_site":"@hilcoglobal","twitter_misc":{"Est. reading time":"1 minute"},"schema":{"@context":"https:\/\/schema.org","@graph":[{"@type":"WebPage","@id":"https:\/\/hilcoaf.com\/nl\/over-ons\/","url":"https:\/\/hilcoaf.com\/nl\/over-ons\/","name":"Over ons - Hilco Asset Finance","isPartOf":{"@id":"https:\/\/hilcoaf.com\/nl\/#website"},"datePublished":"2021-11-26T17:51:34+00:00","dateModified":"2022-03-28T12:38:25+00:00","breadcrumb":{"@id":"https:\/\/hilcoaf.com\/nl\/over-ons\/#breadcrumb"},"inLanguage":"nl-NL","potentialAction":[{"@type":"ReadAction","target":["https:\/\/hilcoaf.com\/nl\/over-ons\/"]}]},{"@type":"BreadcrumbList","@id":"https:\/\/hilcoaf.com\/nl\/over-ons\/#breadcrumb","itemListElement":[{"@type":"ListItem","position":1,"name":"Home","item":"https:\/\/hilcoaf.com\/nl\/"},{"@type":"ListItem","position":2,"name":"Over ons"}]},{"@type":"WebSite","@id":"https:\/\/hilcoaf.com\/nl\/#website","url":"https:\/\/hilcoaf.com\/nl\/","name":"Hilco Asset Finance","description":"Investment &amp; Advisory Services","publisher":{"@id":"https:\/\/hilcoaf.com\/nl\/#organization"},"potentialAction":[{"@type":"SearchAction","target":{"@type":"EntryPoint","urlTemplate":"https:\/\/hilcoaf.com\/nl\/?s={search_term_string}"},"query-input":"required name=search_term_string"}],"inLanguage":"nl-NL"},{"@type":"Organization","@id":"https:\/\/hilcoaf.com\/nl\/#organization","name":"Hilco Asset Finance","url":"https:\/\/hilcoaf.com\/nl\/","logo":{"@type":"ImageObject","inLanguage":"nl-NL","@id":"https:\/\/hilcoaf.com\/nl\/#\/schema\/logo\/image\/","url":"https:\/\/hilcoaf.com\/hilcoaf\/wp-content\/uploads\/2021\/11\/hilco-AF-logo.svg","contentUrl":"https:\/\/hilcoaf.com\/hilcoaf\/wp-content\/uploads\/2021\/11\/hilco-AF-logo.svg","width":"1024","height":"1024","caption":"Hilco Asset Finance"},"image":{"@id":"https:\/\/hilcoaf.com\/nl\/#\/schema\/logo\/image\/"},"sameAs":["https:\/\/www.linkedin.com\/company\/hilco-asset-finance\/about\/","https:\/\/twitter.com\/hilcoglobal"]}]}},"_links":{"self":[{"href":"https:\/\/hilcoaf.com\/nl\/wp-json\/wp\/v2\/pages\/561","targetHints":{"allow":["GET"]}}],"collection":[{"href":"https:\/\/hilcoaf.com\/nl\/wp-json\/wp\/v2\/pages"}],"about":[{"href":"https:\/\/hilcoaf.com\/nl\/wp-json\/wp\/v2\/types\/page"}],"author":[{"embeddable":true,"href":"https:\/\/hilcoaf.com\/nl\/wp-json\/wp\/v2\/users\/2"}],"replies":[{"embeddable":true,"href":"https:\/\/hilcoaf.com\/nl\/wp-json\/wp\/v2\/comments?post=561"}],"version-history":[{"count":3,"href":"https:\/\/hilcoaf.com\/nl\/wp-json\/wp\/v2\/pages\/561\/revisions"}],"predecessor-version":[{"id":606,"href":"https:\/\/hilcoaf.com\/nl\/wp-json\/wp\/v2\/pages\/561\/revisions\/606"}],"wp:attachment":[{"href":"https:\/\/hilcoaf.com\/nl\/wp-json\/wp\/v2\/media?parent=561"}],"curies":[{"name":"wp","href":"https:\/\/api.w.org\/{rel}","templated":true}]}}